{"id":143,"date":"2024-02-29T08:24:08","date_gmt":"2024-02-29T08:24:08","guid":{"rendered":"http:\/\/chantalpayet.fr\/?page_id=143"},"modified":"2024-03-02T17:19:55","modified_gmt":"2024-03-02T17:19:55","slug":"femmes-aux-tentacules","status":"publish","type":"page","link":"https:\/\/chantalpayet.fr\/index.php\/femmes-aux-tentacules\/","title":{"rendered":"Femmes aux tentacules"},"content":{"rendered":"\n<p>Le bouclier de Perc\u00e9e s\u2019est bris\u00e9, il est tomb\u00e9 au fond d\u2019une mer inconnue, \u00e7a grouille, \u00e7a pousse, \u00e7a ondule, des coraux se fossilisent, des fleurs luxuriantes s\u2019ouvrent ou s\u2019\u00e9rigent dans une sexualit\u00e9 tragique. Une bouche hurle ! Une Gorgone au visage horrifi\u00e9, r\u00e9f\u00e9rence \u00e0 la \u00ab\u00a0M\u00e9duse\u00a0\u00bb peinte par le Caravage, attire les hommes et les terrorise. N\u2019est-ce pas dans le regard des hommes que la femme fatale est ensorceleuse, coupable et mal\u00e9fique\u00a0?<\/p>\n\n\n\n<p>2019 &#8211; Exposition \u00e0 la Vitrine &#8211; La Talaudi\u00e8re 42350<\/p>\n\n\n\n<figure class=\"wp-block-gallery has-nested-images columns-2 wp-block-gallery-1 is-layout-flex wp-block-gallery-is-layout-flex\">\n<figure class=\"wp-block-image size-large\"><img loading=\"lazy\" decoding=\"async\" width=\"600\" height=\"800\" data-id=\"174\" src=\"http:\/\/chantalpayet.fr\/wp-content\/uploads\/2024\/02\/7-persee.jpg\" alt=\"\" class=\"wp-image-174\" srcset=\"https:\/\/chantalpayet.fr\/wp-content\/uploads\/2024\/02\/7-persee.jpg 600w, https:\/\/chantalpayet.fr\/wp-content\/uploads\/2024\/02\/7-persee-225x300.jpg 225w\" sizes=\"auto, (max-width: 600px) 100vw, 600px\" \/><\/figure>\n\n\n\n<figure class=\"wp-block-image size-large\"><img loading=\"lazy\" decoding=\"async\" width=\"946\" height=\"1024\" data-id=\"146\" src=\"http:\/\/chantalpayet.fr\/wp-content\/uploads\/2024\/02\/7-bouclier-de-persee1-946x1024.jpg\" alt=\"\" class=\"wp-image-146\" srcset=\"https:\/\/chantalpayet.fr\/wp-content\/uploads\/2024\/02\/7-bouclier-de-persee1-946x1024.jpg 946w, https:\/\/chantalpayet.fr\/wp-content\/uploads\/2024\/02\/7-bouclier-de-persee1-277x300.jpg 277w, https:\/\/chantalpayet.fr\/wp-content\/uploads\/2024\/02\/7-bouclier-de-persee1-768x831.jpg 768w, https:\/\/chantalpayet.fr\/wp-content\/uploads\/2024\/02\/7-bouclier-de-persee1.jpg 970w\" sizes=\"auto, (max-width: 946px) 100vw, 946px\" \/><\/figure>\n\n\n\n<figure class=\"wp-block-image size-large\"><img loading=\"lazy\" decoding=\"async\" width=\"1000\" height=\"751\" data-id=\"145\" src=\"http:\/\/chantalpayet.fr\/wp-content\/uploads\/2024\/02\/7-bouclier-de-persee2.jpg\" alt=\"\" class=\"wp-image-145\" srcset=\"https:\/\/chantalpayet.fr\/wp-content\/uploads\/2024\/02\/7-bouclier-de-persee2.jpg 1000w, https:\/\/chantalpayet.fr\/wp-content\/uploads\/2024\/02\/7-bouclier-de-persee2-300x225.jpg 300w, https:\/\/chantalpayet.fr\/wp-content\/uploads\/2024\/02\/7-bouclier-de-persee2-768x577.jpg 768w\" sizes=\"auto, (max-width: 1000px) 100vw, 1000px\" \/><\/figure>\n\n\n\n<figure class=\"wp-block-image size-large\"><img loading=\"lazy\" decoding=\"async\" width=\"1000\" height=\"778\" data-id=\"147\" src=\"http:\/\/chantalpayet.fr\/wp-content\/uploads\/2024\/02\/7-Gorgone-Voluptueuse-2.jpg\" alt=\"\" class=\"wp-image-147\" srcset=\"https:\/\/chantalpayet.fr\/wp-content\/uploads\/2024\/02\/7-Gorgone-Voluptueuse-2.jpg 1000w, https:\/\/chantalpayet.fr\/wp-content\/uploads\/2024\/02\/7-Gorgone-Voluptueuse-2-300x233.jpg 300w, https:\/\/chantalpayet.fr\/wp-content\/uploads\/2024\/02\/7-Gorgone-Voluptueuse-2-768x598.jpg 768w\" sizes=\"auto, (max-width: 1000px) 100vw, 1000px\" \/><\/figure>\n\n\n\n<figure class=\"wp-block-image size-large\"><img loading=\"lazy\" decoding=\"async\" width=\"1000\" height=\"832\" data-id=\"144\" src=\"http:\/\/chantalpayet.fr\/wp-content\/uploads\/2024\/02\/7-Gorgone-Voluptueuse-3.jpg\" alt=\"\" class=\"wp-image-144\" srcset=\"https:\/\/chantalpayet.fr\/wp-content\/uploads\/2024\/02\/7-Gorgone-Voluptueuse-3.jpg 1000w, https:\/\/chantalpayet.fr\/wp-content\/uploads\/2024\/02\/7-Gorgone-Voluptueuse-3-300x250.jpg 300w, https:\/\/chantalpayet.fr\/wp-content\/uploads\/2024\/02\/7-Gorgone-Voluptueuse-3-768x639.jpg 768w\" sizes=\"auto, (max-width: 1000px) 100vw, 1000px\" \/><\/figure>\n\n\n\n<figure class=\"wp-block-image size-large\"><img loading=\"lazy\" decoding=\"async\" width=\"746\" height=\"1024\" data-id=\"176\" src=\"http:\/\/chantalpayet.fr\/wp-content\/uploads\/2024\/02\/7-detail-meduse-746x1024.jpg\" alt=\"\" class=\"wp-image-176\" srcset=\"https:\/\/chantalpayet.fr\/wp-content\/uploads\/2024\/02\/7-detail-meduse-746x1024.jpg 746w, https:\/\/chantalpayet.fr\/wp-content\/uploads\/2024\/02\/7-detail-meduse-218x300.jpg 218w, https:\/\/chantalpayet.fr\/wp-content\/uploads\/2024\/02\/7-detail-meduse-768x1055.jpg 768w, https:\/\/chantalpayet.fr\/wp-content\/uploads\/2024\/02\/7-detail-meduse.jpg 785w\" sizes=\"auto, (max-width: 746px) 100vw, 746px\" \/><\/figure>\n\n\n\n<figure class=\"wp-block-image size-large\"><img loading=\"lazy\" decoding=\"async\" width=\"867\" height=\"884\" data-id=\"177\" src=\"http:\/\/chantalpayet.fr\/wp-content\/uploads\/2024\/02\/7-bouclier2-b.jpg\" alt=\"\" class=\"wp-image-177\" srcset=\"https:\/\/chantalpayet.fr\/wp-content\/uploads\/2024\/02\/7-bouclier2-b.jpg 867w, https:\/\/chantalpayet.fr\/wp-content\/uploads\/2024\/02\/7-bouclier2-b-294x300.jpg 294w, https:\/\/chantalpayet.fr\/wp-content\/uploads\/2024\/02\/7-bouclier2-b-768x783.jpg 768w\" sizes=\"auto, (max-width: 867px) 100vw, 867px\" \/><\/figure>\n<\/figure>\n","protected":false},"excerpt":{"rendered":"<p>Le bouclier de Perc\u00e9e s\u2019est bris\u00e9, il est tomb\u00e9 au fond d\u2019une mer inconnue, \u00e7a grouille, \u00e7a pousse, \u00e7a ondule, des coraux se fossilisent, des fleurs luxuriantes s\u2019ouvrent ou s\u2019\u00e9rigent dans une sexualit\u00e9 tragique. Une bouche hurle ! Une Gorgone au visage horrifi\u00e9, r\u00e9f\u00e9rence \u00e0 la \u00ab\u00a0M\u00e9duse\u00a0\u00bb peinte par le Caravage, attire les hommes et [&hellip;]<\/p>\n","protected":false},"author":1,"featured_media":0,"parent":0,"menu_order":0,"comment_status":"closed","ping_status":"closed","template":"","meta":{"footnotes":""},"class_list":["post-143","page","type-page","status-publish","hentry"],"_links":{"self":[{"href":"https:\/\/chantalpayet.fr\/index.php\/wp-json\/wp\/v2\/pages\/143","targetHints":{"allow":["GET"]}}],"collection":[{"href":"https:\/\/chantalpayet.fr\/index.php\/wp-json\/wp\/v2\/pages"}],"about":[{"href":"https:\/\/chantalpayet.fr\/index.php\/wp-json\/wp\/v2\/types\/page"}],"author":[{"embeddable":true,"href":"https:\/\/chantalpayet.fr\/index.php\/wp-json\/wp\/v2\/users\/1"}],"replies":[{"embeddable":true,"href":"https:\/\/chantalpayet.fr\/index.php\/wp-json\/wp\/v2\/comments?post=143"}],"version-history":[{"count":4,"href":"https:\/\/chantalpayet.fr\/index.php\/wp-json\/wp\/v2\/pages\/143\/revisions"}],"predecessor-version":[{"id":219,"href":"https:\/\/chantalpayet.fr\/index.php\/wp-json\/wp\/v2\/pages\/143\/revisions\/219"}],"wp:attachment":[{"href":"https:\/\/chantalpayet.fr\/index.php\/wp-json\/wp\/v2\/media?parent=143"}],"curies":[{"name":"wp","href":"https:\/\/api.w.org\/{rel}","templated":true}]}}