{"id":150,"date":"2024-02-29T08:30:14","date_gmt":"2024-02-29T08:30:14","guid":{"rendered":"http:\/\/chantalpayet.fr\/?page_id=150"},"modified":"2024-03-02T17:19:55","modified_gmt":"2024-03-02T17:19:55","slug":"peau-dane","status":"publish","type":"page","link":"https:\/\/chantalpayet.fr\/index.php\/peau-dane\/","title":{"rendered":"Peau d\u2019\u00e2ne"},"content":{"rendered":"\n<p>Dans le m\u00eame espace, des branches grossi\u00e8res et triviales, des feuilles rouges d\u00e9licates, le manteau de la Princesse d\u00e9pouille animale qui a gard\u00e9 la forme du corps f\u00e9minin, autant de signes qui \u00e9voquent le drame de \u201dPeau d\u2019\u00e2ne\u201d celui d\u2019un p\u00e8re abusif.<\/p>\n\n\n\n<p>2018- installation modulable, porcelaine et gramin\u00e9es &#8211; \u00ab&nbsp;Faite de l\u2019Art&nbsp;\u00bb lentille &#8211; Rh\u00f4ne<\/p>\n\n\n\n<figure class=\"wp-block-gallery has-nested-images columns-1 wp-block-gallery-1 is-layout-flex wp-block-gallery-is-layout-flex\">\n<figure class=\"wp-block-image size-medium\"><img loading=\"lazy\" decoding=\"async\" width=\"225\" height=\"300\" data-id=\"202\" src=\"http:\/\/chantalpayet.fr\/wp-content\/uploads\/2024\/02\/6-peaudane-225x300.jpg\" alt=\"\" class=\"wp-image-202\" srcset=\"https:\/\/chantalpayet.fr\/wp-content\/uploads\/2024\/02\/6-peaudane-225x300.jpg 225w, https:\/\/chantalpayet.fr\/wp-content\/uploads\/2024\/02\/6-peaudane.jpg 600w\" sizes=\"auto, (max-width: 225px) 100vw, 225px\" \/><\/figure>\n\n\n\n<figure class=\"wp-block-image size-medium\"><img loading=\"lazy\" decoding=\"async\" width=\"300\" height=\"226\" data-id=\"153\" src=\"http:\/\/chantalpayet.fr\/wp-content\/uploads\/2024\/02\/6-expo-lentilly-300x226.jpg\" alt=\"\" class=\"wp-image-153\" srcset=\"https:\/\/chantalpayet.fr\/wp-content\/uploads\/2024\/02\/6-expo-lentilly-300x226.jpg 300w, https:\/\/chantalpayet.fr\/wp-content\/uploads\/2024\/02\/6-expo-lentilly-768x579.jpg 768w, https:\/\/chantalpayet.fr\/wp-content\/uploads\/2024\/02\/6-expo-lentilly.jpg 800w\" sizes=\"auto, (max-width: 300px) 100vw, 300px\" \/><\/figure>\n\n\n\n<figure class=\"wp-block-image size-medium\"><img loading=\"lazy\" decoding=\"async\" width=\"300\" height=\"226\" data-id=\"154\" src=\"http:\/\/chantalpayet.fr\/wp-content\/uploads\/2024\/02\/6-expo-lentilly2-300x226.jpg\" alt=\"\" class=\"wp-image-154\" srcset=\"https:\/\/chantalpayet.fr\/wp-content\/uploads\/2024\/02\/6-expo-lentilly2-300x226.jpg 300w, https:\/\/chantalpayet.fr\/wp-content\/uploads\/2024\/02\/6-expo-lentilly2-768x579.jpg 768w, https:\/\/chantalpayet.fr\/wp-content\/uploads\/2024\/02\/6-expo-lentilly2.jpg 900w\" sizes=\"auto, (max-width: 300px) 100vw, 300px\" \/><\/figure>\n\n\n\n<figure class=\"wp-block-image size-medium\"><img loading=\"lazy\" decoding=\"async\" width=\"300\" height=\"256\" data-id=\"152\" src=\"http:\/\/chantalpayet.fr\/wp-content\/uploads\/2024\/02\/6-expo-lentilly3-300x256.jpg\" alt=\"\" class=\"wp-image-152\" srcset=\"https:\/\/chantalpayet.fr\/wp-content\/uploads\/2024\/02\/6-expo-lentilly3-300x256.jpg 300w, https:\/\/chantalpayet.fr\/wp-content\/uploads\/2024\/02\/6-expo-lentilly3.jpg 640w\" sizes=\"auto, (max-width: 300px) 100vw, 300px\" \/><\/figure>\n<\/figure>\n","protected":false},"excerpt":{"rendered":"<p>Dans le m\u00eame espace, des branches grossi\u00e8res et triviales, des feuilles rouges d\u00e9licates, le manteau de la Princesse d\u00e9pouille animale qui a gard\u00e9 la forme du corps f\u00e9minin, autant de signes qui \u00e9voquent le drame de \u201dPeau d\u2019\u00e2ne\u201d celui d\u2019un p\u00e8re abusif. 2018- installation modulable, porcelaine et gramin\u00e9es &#8211; \u00ab&nbsp;Faite de l\u2019Art&nbsp;\u00bb lentille &#8211; Rh\u00f4ne<\/p>\n","protected":false},"author":1,"featured_media":0,"parent":0,"menu_order":0,"comment_status":"closed","ping_status":"closed","template":"","meta":{"footnotes":""},"class_list":["post-150","page","type-page","status-publish","hentry"],"_links":{"self":[{"href":"https:\/\/chantalpayet.fr\/index.php\/wp-json\/wp\/v2\/pages\/150","targetHints":{"allow":["GET"]}}],"collection":[{"href":"https:\/\/chantalpayet.fr\/index.php\/wp-json\/wp\/v2\/pages"}],"about":[{"href":"https:\/\/chantalpayet.fr\/index.php\/wp-json\/wp\/v2\/types\/page"}],"author":[{"embeddable":true,"href":"https:\/\/chantalpayet.fr\/index.php\/wp-json\/wp\/v2\/users\/1"}],"replies":[{"embeddable":true,"href":"https:\/\/chantalpayet.fr\/index.php\/wp-json\/wp\/v2\/comments?post=150"}],"version-history":[{"count":4,"href":"https:\/\/chantalpayet.fr\/index.php\/wp-json\/wp\/v2\/pages\/150\/revisions"}],"predecessor-version":[{"id":218,"href":"https:\/\/chantalpayet.fr\/index.php\/wp-json\/wp\/v2\/pages\/150\/revisions\/218"}],"wp:attachment":[{"href":"https:\/\/chantalpayet.fr\/index.php\/wp-json\/wp\/v2\/media?parent=150"}],"curies":[{"name":"wp","href":"https:\/\/api.w.org\/{rel}","templated":true}]}}