{"id":287,"date":"2024-11-12T08:19:30","date_gmt":"2024-11-12T08:19:30","guid":{"rendered":"http:\/\/chantalpayet.fr\/?page_id=287"},"modified":"2024-11-12T08:19:30","modified_gmt":"2024-11-12T08:19:30","slug":"givrures","status":"publish","type":"page","link":"https:\/\/chantalpayet.fr\/index.php\/givrures\/","title":{"rendered":"Givrures"},"content":{"rendered":"\n<p>Dur, cassant, des cristaux des v\u00e9g\u00e9taux solidifi\u00e9s par le froid, j\u2019imagine une biblioth\u00e8que de conservation de glaces,&nbsp;<br><\/p>\n\n\n\n<figure class=\"wp-block-gallery has-nested-images columns-2 is-cropped wp-block-gallery-1 is-layout-flex wp-block-gallery-is-layout-flex\">\n<figure class=\"wp-block-image size-medium\"><img loading=\"lazy\" decoding=\"async\" width=\"300\" height=\"209\" data-id=\"286\" src=\"http:\/\/chantalpayet.fr\/wp-content\/uploads\/2024\/10\/100-givrureetoiles-300x209.jpg\" alt=\"\" class=\"wp-image-286\" srcset=\"https:\/\/chantalpayet.fr\/wp-content\/uploads\/2024\/10\/100-givrureetoiles-300x209.jpg 300w, https:\/\/chantalpayet.fr\/wp-content\/uploads\/2024\/10\/100-givrureetoiles-768x535.jpg 768w, https:\/\/chantalpayet.fr\/wp-content\/uploads\/2024\/10\/100-givrureetoiles.jpg 1000w\" sizes=\"auto, (max-width: 300px) 100vw, 300px\" \/><\/figure>\n\n\n\n<figure class=\"wp-block-image size-large\"><img loading=\"lazy\" decoding=\"async\" width=\"800\" height=\"952\" data-id=\"285\" src=\"http:\/\/chantalpayet.fr\/wp-content\/uploads\/2024\/10\/100-givrures3-copie.jpg\" alt=\"\" class=\"wp-image-285\" srcset=\"https:\/\/chantalpayet.fr\/wp-content\/uploads\/2024\/10\/100-givrures3-copie.jpg 800w, https:\/\/chantalpayet.fr\/wp-content\/uploads\/2024\/10\/100-givrures3-copie-252x300.jpg 252w, https:\/\/chantalpayet.fr\/wp-content\/uploads\/2024\/10\/100-givrures3-copie-768x914.jpg 768w\" sizes=\"auto, (max-width: 800px) 100vw, 800px\" \/><figcaption class=\"wp-element-caption\">Created with GIMP<\/figcaption><\/figure>\n\n\n\n<figure class=\"wp-block-image size-large\"><img loading=\"lazy\" decoding=\"async\" width=\"1024\" height=\"702\" data-id=\"283\" src=\"http:\/\/chantalpayet.fr\/wp-content\/uploads\/2024\/10\/100-givrure-matiere-1024x702.jpg\" alt=\"\" class=\"wp-image-283\" srcset=\"https:\/\/chantalpayet.fr\/wp-content\/uploads\/2024\/10\/100-givrure-matiere-1024x702.jpg 1024w, https:\/\/chantalpayet.fr\/wp-content\/uploads\/2024\/10\/100-givrure-matiere-300x206.jpg 300w, https:\/\/chantalpayet.fr\/wp-content\/uploads\/2024\/10\/100-givrure-matiere-768x527.jpg 768w, https:\/\/chantalpayet.fr\/wp-content\/uploads\/2024\/10\/100-givrure-matiere.jpg 1140w\" sizes=\"auto, (max-width: 1024px) 100vw, 1024px\" \/><\/figure>\n\n\n\n<figure class=\"wp-block-image size-large\"><img loading=\"lazy\" decoding=\"async\" width=\"396\" height=\"255\" data-id=\"284\" src=\"http:\/\/chantalpayet.fr\/wp-content\/uploads\/2024\/10\/100-3givrures-bleu.jpg\" alt=\"\" class=\"wp-image-284\" srcset=\"https:\/\/chantalpayet.fr\/wp-content\/uploads\/2024\/10\/100-3givrures-bleu.jpg 396w, https:\/\/chantalpayet.fr\/wp-content\/uploads\/2024\/10\/100-3givrures-bleu-300x193.jpg 300w\" sizes=\"auto, (max-width: 396px) 100vw, 396px\" \/><\/figure>\n\n\n\n<figure class=\"wp-block-image size-large\"><img loading=\"lazy\" decoding=\"async\" width=\"813\" height=\"1024\" data-id=\"282\" src=\"http:\/\/chantalpayet.fr\/wp-content\/uploads\/2024\/10\/100-givrures4-copie-813x1024.jpg\" alt=\"\" class=\"wp-image-282\" srcset=\"https:\/\/chantalpayet.fr\/wp-content\/uploads\/2024\/10\/100-givrures4-copie-813x1024.jpg 813w, https:\/\/chantalpayet.fr\/wp-content\/uploads\/2024\/10\/100-givrures4-copie-238x300.jpg 238w, https:\/\/chantalpayet.fr\/wp-content\/uploads\/2024\/10\/100-givrures4-copie-768x967.jpg 768w, https:\/\/chantalpayet.fr\/wp-content\/uploads\/2024\/10\/100-givrures4-copie.jpg 869w\" sizes=\"auto, (max-width: 813px) 100vw, 813px\" \/><figcaption class=\"wp-element-caption\">Created with GIMP<\/figcaption><\/figure>\n\n\n\n<figure class=\"wp-block-image size-large\"><img loading=\"lazy\" decoding=\"async\" width=\"1024\" height=\"631\" data-id=\"281\" src=\"http:\/\/chantalpayet.fr\/wp-content\/uploads\/2024\/10\/100-givruresetagere-1024x631.jpg\" alt=\"\" class=\"wp-image-281\" srcset=\"https:\/\/chantalpayet.fr\/wp-content\/uploads\/2024\/10\/100-givruresetagere-1024x631.jpg 1024w, https:\/\/chantalpayet.fr\/wp-content\/uploads\/2024\/10\/100-givruresetagere-300x185.jpg 300w, https:\/\/chantalpayet.fr\/wp-content\/uploads\/2024\/10\/100-givruresetagere-768x473.jpg 768w, https:\/\/chantalpayet.fr\/wp-content\/uploads\/2024\/10\/100-givruresetagere-1536x947.jpg 1536w, https:\/\/chantalpayet.fr\/wp-content\/uploads\/2024\/10\/100-givruresetagere-2048x1262.jpg 2048w\" sizes=\"auto, (max-width: 1024px) 100vw, 1024px\" \/><\/figure>\n<\/figure>\n","protected":false},"excerpt":{"rendered":"<p>Dur, cassant, des cristaux des v\u00e9g\u00e9taux solidifi\u00e9s par le froid, j\u2019imagine une biblioth\u00e8que de conservation de glaces,&nbsp;<\/p>\n","protected":false},"author":1,"featured_media":0,"parent":0,"menu_order":0,"comment_status":"closed","ping_status":"closed","template":"","meta":{"footnotes":""},"class_list":["post-287","page","type-page","status-publish","hentry"],"_links":{"self":[{"href":"https:\/\/chantalpayet.fr\/index.php\/wp-json\/wp\/v2\/pages\/287","targetHints":{"allow":["GET"]}}],"collection":[{"href":"https:\/\/chantalpayet.fr\/index.php\/wp-json\/wp\/v2\/pages"}],"about":[{"href":"https:\/\/chantalpayet.fr\/index.php\/wp-json\/wp\/v2\/types\/page"}],"author":[{"embeddable":true,"href":"https:\/\/chantalpayet.fr\/index.php\/wp-json\/wp\/v2\/users\/1"}],"replies":[{"embeddable":true,"href":"https:\/\/chantalpayet.fr\/index.php\/wp-json\/wp\/v2\/comments?post=287"}],"version-history":[{"count":2,"href":"https:\/\/chantalpayet.fr\/index.php\/wp-json\/wp\/v2\/pages\/287\/revisions"}],"predecessor-version":[{"id":293,"href":"https:\/\/chantalpayet.fr\/index.php\/wp-json\/wp\/v2\/pages\/287\/revisions\/293"}],"wp:attachment":[{"href":"https:\/\/chantalpayet.fr\/index.php\/wp-json\/wp\/v2\/media?parent=287"}],"curies":[{"name":"wp","href":"https:\/\/api.w.org\/{rel}","templated":true}]}}