{"id":7,"date":"2024-02-27T16:21:52","date_gmt":"2024-02-27T16:21:52","guid":{"rendered":"http:\/\/chantalpayet.wordpress.com\/?page_id=1"},"modified":"2025-06-28T14:18:15","modified_gmt":"2025-06-28T14:18:15","slug":"a-propos","status":"publish","type":"page","link":"https:\/\/chantalpayet.fr\/index.php\/a-propos\/","title":{"rendered":"\u00c0 propos"},"content":{"rendered":"\n<p>Chantal Payet\u2026<\/p>\n\n\n\n<figure class=\"wp-block-gallery has-nested-images columns-default is-cropped wp-block-gallery-1 is-layout-flex wp-block-gallery-is-layout-flex\">\n<figure class=\"wp-block-image size-large\"><img loading=\"lazy\" decoding=\"async\" width=\"800\" height=\"533\" data-id=\"223\" src=\"http:\/\/chantalpayet.fr\/wp-content\/uploads\/2024\/03\/SAP_2978-2-copie.jpg\" alt=\"\" class=\"wp-image-223\" srcset=\"https:\/\/chantalpayet.fr\/wp-content\/uploads\/2024\/03\/SAP_2978-2-copie.jpg 800w, https:\/\/chantalpayet.fr\/wp-content\/uploads\/2024\/03\/SAP_2978-2-copie-300x200.jpg 300w, https:\/\/chantalpayet.fr\/wp-content\/uploads\/2024\/03\/SAP_2978-2-copie-768x512.jpg 768w\" sizes=\"auto, (max-width: 800px) 100vw, 800px\" \/><\/figure>\n<\/figure>\n\n\n\n<p class=\"has-medium-font-size\"><strong>De la peinture \u00e0 la sculpture<\/strong><\/p>\n\n\n\n<p>Apr\u00e8s avoir repr\u00e9sent\u00e9 le corps en peinture (1988-2015), j\u2019explore maintenant l\u2019espace. Etrange parcours, que de passer de mon ressenti de mon monde int\u00e9rieur \u00e0 un int\u00e9r\u00eat pour la culture populaire et \u00e0 la narration.<\/p>\n\n\n\n<p>Intervenante artistique, entre 2007 et 2024, j\u2019ai encadr\u00e9 de nombreux ateliers art nature. Gr\u00e2ce \u00e0 cette pratique ou j\u2019ai utilis\u00e9 des \u00e9l\u00e9ments naturels et \u00e0 la po\u00e9sie des oeuvres d\u2019Andy Goldsworphy, j\u2019ai construis des sculptures en graines, branches, feuilles. En choisissant de travailler autour de la V\u00e9nus de Willendorf (MUES-2010), ic\u00f4ne de l\u2019art et de nos origines, j\u2019ai confectionn\u00e9 des d\u00e9esses-m\u00e8res avec ces mat\u00e9riaux. En int\u00e9grant , la c\u00e9ramique dans l\u2019installation \u00ab&nbsp;Coeurs, ceux qui nous lient&nbsp;\u00bb -Eglise St Pierre de Charaix (Dr\u00f4me- 2014)- la terre s\u2019est impos\u00e9 \u00e0 moi.<\/p>\n\n\n\n<p class=\"has-medium-font-size\"><strong>Plaisir d\u2019exp\u00e9rimenter&nbsp;<\/strong><\/p>\n\n\n\n<p>Depuis je me passionne pour les processus de fabrication en c\u00e9ramique tout particuli\u00e8rement la porcelaine.&nbsp;J\u2019ai suivie des formations&nbsp; aupr\u00e8s de Nathalie Domingo, Beatriz Trepat, H\u00e9l\u00e8ne Lathoum\u00e9tie, Th\u00e9r\u00e8se Lebrun. Je sens devant moi un vaste champ \u00e0 explorer tant dans la connaissance de la mati\u00e8re que dans plusieurs th\u00e9matiques.&nbsp;<\/p>\n\n\n\n<p>Mes premi\u00e8res recherches explorent&nbsp; la finesse et les textures.&nbsp; Dans la s\u00e9rie \u00ab&nbsp;Feuilles&nbsp;\u00bb (2017 toujours en cours) entre architecture et ornement v\u00e9g\u00e9tal, certaine pi\u00e8ce proche d\u2019un bijoux c\u00f4toient d\u2019autre pi\u00e8ce aux caract\u00e8re rugueux, mais la fragilit\u00e9 est omnipr\u00e9sente.&nbsp; <\/p>\n\n\n\n<p>La technique de moulage pl\u00e2tre me parait tr\u00e8s rigide et contraignante, je me suis donc acharn\u00e9e \u00e0 trouver un autre processus. J\u2019ai mis au point des moules en tissus, un travail qui demande de la patience et de la d\u00e9licatesse. Lors du d\u00e9moulage des pi\u00e8ces j\u2019ai la surprise du hasard et la satisfaction de la ma\u00eetrise. <\/p>\n\n\n\n<p>Je ne cherche pas \u00e0 transcrire la nature mais \u00e0 interpr\u00e9ter les repr\u00e9sentations qu\u2019on en a. Ces s\u00e9ries explorent et brouillent les diff\u00e9rents aspect du monde vivant, qu\u2019il soit min\u00e9ral, v\u00e9g\u00e9tal ou animal, montrant une nature en mutation, questionnant le public le mettant dans un \u00e9trange malaise entre attirance et r\u00e9pulsion.<\/p>\n\n\n\n<p class=\"has-medium-font-size\"><strong>Raconter des histoires<\/strong><\/p>\n\n\n\n<p>A partir de r\u00e9cits, l\u00e9gendes, histoires collectives ou personnelles, je souhaite \u00e9voquer un univers po\u00e9tique merveilleux ou tragique, \u00e0 les interpr\u00e9ter, \u00e0 proposer une lecture originale et pertinente.<\/p>\n\n\n\n<p>&nbsp;Mes installations sont autant de pr\u00e9texte pour parler de nos \u00e9motions, nos d\u00e9sirs, des interdits, de notre finitude, elles sugg\u00e8rent la s\u00e9duction, la monstruosit\u00e9, la beaut\u00e9.<\/p>\n\n\n\n<p class=\"has-medium-font-size\"><strong>Et aujourd\u2019hui<\/strong><\/p>\n\n\n\n<p>De nouveau enjeux, de nouvelles recherches sur l\u2019espace et les mati\u00e8res. Il me faut tout essayer, je veux voir, toucher, un travail encha\u00eene un autre, mon imaginaire ne me laisse pas tranquille. L\u00e0 aussi, demeure en filigrane le sentiment de perte d\u2019un monde en destruction.\u00a0<\/p>\n","protected":false},"excerpt":{"rendered":"<p>Chantal Payet\u2026 De la peinture \u00e0 la sculpture Apr\u00e8s avoir repr\u00e9sent\u00e9 le corps en peinture (1988-2015), j\u2019explore maintenant l\u2019espace. Etrange parcours, que de passer de mon ressenti de mon monde int\u00e9rieur \u00e0 un int\u00e9r\u00eat pour la culture populaire et \u00e0 la narration. Intervenante artistique, entre 2007 et 2024, j\u2019ai encadr\u00e9 de nombreux ateliers art nature. [&hellip;]<\/p>\n","protected":false},"author":1,"featured_media":0,"parent":0,"menu_order":0,"comment_status":"closed","ping_status":"open","template":"","meta":{"footnotes":""},"class_list":["post-7","page","type-page","status-publish","hentry"],"_links":{"self":[{"href":"https:\/\/chantalpayet.fr\/index.php\/wp-json\/wp\/v2\/pages\/7","targetHints":{"allow":["GET"]}}],"collection":[{"href":"https:\/\/chantalpayet.fr\/index.php\/wp-json\/wp\/v2\/pages"}],"about":[{"href":"https:\/\/chantalpayet.fr\/index.php\/wp-json\/wp\/v2\/types\/page"}],"author":[{"embeddable":true,"href":"https:\/\/chantalpayet.fr\/index.php\/wp-json\/wp\/v2\/users\/1"}],"replies":[{"embeddable":true,"href":"https:\/\/chantalpayet.fr\/index.php\/wp-json\/wp\/v2\/comments?post=7"}],"version-history":[{"count":7,"href":"https:\/\/chantalpayet.fr\/index.php\/wp-json\/wp\/v2\/pages\/7\/revisions"}],"predecessor-version":[{"id":376,"href":"https:\/\/chantalpayet.fr\/index.php\/wp-json\/wp\/v2\/pages\/7\/revisions\/376"}],"wp:attachment":[{"href":"https:\/\/chantalpayet.fr\/index.php\/wp-json\/wp\/v2\/media?parent=7"}],"curies":[{"name":"wp","href":"https:\/\/api.w.org\/{rel}","templated":true}]}}