{"id":79,"date":"2024-02-29T07:39:24","date_gmt":"2024-02-29T07:39:24","guid":{"rendered":"http:\/\/chantalpayet.fr\/?page_id=79"},"modified":"2025-10-11T09:34:56","modified_gmt":"2025-10-11T09:34:56","slug":"lapins-lapines-et-milles-fleurs","status":"publish","type":"page","link":"https:\/\/chantalpayet.fr\/index.php\/lapins-lapines-et-milles-fleurs\/","title":{"rendered":"Lapins, Lapines et milles-fleurs"},"content":{"rendered":"\n<p>Un hommage \u00e0 la tapisserie de la dame \u00e0 la Licorne, ou l\u00e0 , tout n&rsquo;est qu&rsquo;ordre et beaut\u00e9, luxe, calme et volupt\u00e9, et o\u00f9 gambadent des lapins lubriques. Les hommes ont habill\u00e9 des singes, les ont enchain\u00e9s, maintenant exclus de la plan\u00e8te bleue ils gravitent autour.<\/p>\n\n\n\n<p>Installation au mur dimension 180 x 90 cm<br>2024 exposition au centre culturel Le Polaris Corbas 69960\u00a0<\/p>\n\n\n\n<figure class=\"wp-block-gallery has-nested-images columns-2 wp-block-gallery-1 is-layout-flex wp-block-gallery-is-layout-flex\">\n<figure class=\"wp-block-image size-full\"><img loading=\"lazy\" decoding=\"async\" width=\"900\" height=\"698\" data-id=\"86\" src=\"http:\/\/chantalpayet.fr\/wp-content\/uploads\/2024\/02\/10-millefleurs.jpg\" alt=\"\" class=\"wp-image-86\" srcset=\"https:\/\/chantalpayet.fr\/wp-content\/uploads\/2024\/02\/10-millefleurs.jpg 900w, https:\/\/chantalpayet.fr\/wp-content\/uploads\/2024\/02\/10-millefleurs-300x233.jpg 300w, https:\/\/chantalpayet.fr\/wp-content\/uploads\/2024\/02\/10-millefleurs-768x596.jpg 768w\" sizes=\"auto, (max-width: 900px) 100vw, 900px\" \/><\/figure>\n\n\n\n<figure class=\"wp-block-image size-large\"><img loading=\"lazy\" decoding=\"async\" width=\"800\" height=\"626\" data-id=\"85\" src=\"http:\/\/chantalpayet.fr\/wp-content\/uploads\/2024\/02\/10-millefleurs4.jpg\" alt=\"\" class=\"wp-image-85\" srcset=\"https:\/\/chantalpayet.fr\/wp-content\/uploads\/2024\/02\/10-millefleurs4.jpg 800w, https:\/\/chantalpayet.fr\/wp-content\/uploads\/2024\/02\/10-millefleurs4-300x235.jpg 300w, https:\/\/chantalpayet.fr\/wp-content\/uploads\/2024\/02\/10-millefleurs4-768x601.jpg 768w\" sizes=\"auto, (max-width: 800px) 100vw, 800px\" \/><\/figure>\n\n\n\n<figure class=\"wp-block-image size-large\"><img loading=\"lazy\" decoding=\"async\" width=\"1000\" height=\"961\" data-id=\"462\" src=\"https:\/\/chantalpayet.fr\/wp-content\/uploads\/2025\/10\/singe.jpg\" alt=\"\" class=\"wp-image-462\" srcset=\"https:\/\/chantalpayet.fr\/wp-content\/uploads\/2025\/10\/singe.jpg 1000w, https:\/\/chantalpayet.fr\/wp-content\/uploads\/2025\/10\/singe-300x288.jpg 300w, https:\/\/chantalpayet.fr\/wp-content\/uploads\/2025\/10\/singe-768x738.jpg 768w\" sizes=\"auto, (max-width: 1000px) 100vw, 1000px\" \/><\/figure>\n\n\n\n<figure class=\"wp-block-image size-large\"><img loading=\"lazy\" decoding=\"async\" width=\"800\" height=\"699\" data-id=\"89\" src=\"http:\/\/chantalpayet.fr\/wp-content\/uploads\/2024\/02\/10-lapinsetlapine.jpg\" alt=\"\" class=\"wp-image-89\" srcset=\"https:\/\/chantalpayet.fr\/wp-content\/uploads\/2024\/02\/10-lapinsetlapine.jpg 800w, https:\/\/chantalpayet.fr\/wp-content\/uploads\/2024\/02\/10-lapinsetlapine-300x262.jpg 300w, https:\/\/chantalpayet.fr\/wp-content\/uploads\/2024\/02\/10-lapinsetlapine-768x671.jpg 768w\" sizes=\"auto, (max-width: 800px) 100vw, 800px\" \/><\/figure>\n\n\n\n<figure class=\"wp-block-image size-medium\"><img loading=\"lazy\" decoding=\"async\" width=\"249\" height=\"300\" data-id=\"83\" src=\"http:\/\/chantalpayet.fr\/wp-content\/uploads\/2024\/02\/10-millefleurs3-249x300.jpg\" alt=\"\" class=\"wp-image-83\" srcset=\"https:\/\/chantalpayet.fr\/wp-content\/uploads\/2024\/02\/10-millefleurs3-249x300.jpg 249w, https:\/\/chantalpayet.fr\/wp-content\/uploads\/2024\/02\/10-millefleurs3-768x925.jpg 768w, https:\/\/chantalpayet.fr\/wp-content\/uploads\/2024\/02\/10-millefleurs3.jpg 800w\" sizes=\"auto, (max-width: 249px) 100vw, 249px\" \/><\/figure>\n\n\n\n<figure class=\"wp-block-image size-large\"><img loading=\"lazy\" decoding=\"async\" width=\"797\" height=\"1024\" data-id=\"84\" src=\"http:\/\/chantalpayet.fr\/wp-content\/uploads\/2024\/02\/10-millefleurs5-797x1024.jpg\" alt=\"\" class=\"wp-image-84\" srcset=\"https:\/\/chantalpayet.fr\/wp-content\/uploads\/2024\/02\/10-millefleurs5-797x1024.jpg 797w, https:\/\/chantalpayet.fr\/wp-content\/uploads\/2024\/02\/10-millefleurs5-233x300.jpg 233w, https:\/\/chantalpayet.fr\/wp-content\/uploads\/2024\/02\/10-millefleurs5-768x987.jpg 768w, https:\/\/chantalpayet.fr\/wp-content\/uploads\/2024\/02\/10-millefleurs5.jpg 800w\" sizes=\"auto, (max-width: 797px) 100vw, 797px\" \/><\/figure>\n\n\n\n<figure class=\"wp-block-image size-large\"><img loading=\"lazy\" decoding=\"async\" width=\"1024\" height=\"870\" data-id=\"466\" src=\"http:\/\/chantalpayet.fr\/wp-content\/uploads\/2025\/10\/P1050182-copie-1024x870.jpg\" alt=\"\" class=\"wp-image-466\" srcset=\"https:\/\/chantalpayet.fr\/wp-content\/uploads\/2025\/10\/P1050182-copie-1024x870.jpg 1024w, https:\/\/chantalpayet.fr\/wp-content\/uploads\/2025\/10\/P1050182-copie-300x255.jpg 300w, https:\/\/chantalpayet.fr\/wp-content\/uploads\/2025\/10\/P1050182-copie-768x652.jpg 768w, https:\/\/chantalpayet.fr\/wp-content\/uploads\/2025\/10\/P1050182-copie.jpg 1175w\" sizes=\"auto, (max-width: 1024px) 100vw, 1024px\" \/><\/figure>\n\n\n\n<figure class=\"wp-block-image size-full\"><img loading=\"lazy\" decoding=\"async\" width=\"903\" height=\"816\" data-id=\"464\" src=\"http:\/\/chantalpayet.fr\/wp-content\/uploads\/2025\/10\/lapins-e1760174804624.jpg\" alt=\"\" class=\"wp-image-464\" srcset=\"https:\/\/chantalpayet.fr\/wp-content\/uploads\/2025\/10\/lapins-e1760174804624.jpg 903w, https:\/\/chantalpayet.fr\/wp-content\/uploads\/2025\/10\/lapins-e1760174804624-300x271.jpg 300w, https:\/\/chantalpayet.fr\/wp-content\/uploads\/2025\/10\/lapins-e1760174804624-768x694.jpg 768w\" sizes=\"auto, (max-width: 903px) 100vw, 903px\" \/><\/figure>\n\n\n\n<figure class=\"wp-block-image size-large\"><img loading=\"lazy\" decoding=\"async\" width=\"800\" height=\"535\" data-id=\"80\" src=\"http:\/\/chantalpayet.fr\/wp-content\/uploads\/2024\/02\/10-millefleurs-toile-copie-petit.jpg\" alt=\"\" class=\"wp-image-80\" srcset=\"https:\/\/chantalpayet.fr\/wp-content\/uploads\/2024\/02\/10-millefleurs-toile-copie-petit.jpg 800w, https:\/\/chantalpayet.fr\/wp-content\/uploads\/2024\/02\/10-millefleurs-toile-copie-petit-300x201.jpg 300w, https:\/\/chantalpayet.fr\/wp-content\/uploads\/2024\/02\/10-millefleurs-toile-copie-petit-768x514.jpg 768w\" sizes=\"auto, (max-width: 800px) 100vw, 800px\" \/><\/figure>\n<\/figure>\n","protected":false},"excerpt":{"rendered":"<p>Un hommage \u00e0 la tapisserie de la dame \u00e0 la Licorne, ou l\u00e0 , tout n&rsquo;est qu&rsquo;ordre et beaut\u00e9, luxe, calme et volupt\u00e9, et o\u00f9 gambadent des lapins lubriques. Les hommes ont habill\u00e9 des singes, les ont enchain\u00e9s, maintenant exclus de la plan\u00e8te bleue ils gravitent autour. Installation au mur dimension 180 x 90 cm2024 [&hellip;]<\/p>\n","protected":false},"author":1,"featured_media":0,"parent":0,"menu_order":0,"comment_status":"closed","ping_status":"closed","template":"","meta":{"footnotes":""},"class_list":["post-79","page","type-page","status-publish","hentry"],"_links":{"self":[{"href":"https:\/\/chantalpayet.fr\/index.php\/wp-json\/wp\/v2\/pages\/79","targetHints":{"allow":["GET"]}}],"collection":[{"href":"https:\/\/chantalpayet.fr\/index.php\/wp-json\/wp\/v2\/pages"}],"about":[{"href":"https:\/\/chantalpayet.fr\/index.php\/wp-json\/wp\/v2\/types\/page"}],"author":[{"embeddable":true,"href":"https:\/\/chantalpayet.fr\/index.php\/wp-json\/wp\/v2\/users\/1"}],"replies":[{"embeddable":true,"href":"https:\/\/chantalpayet.fr\/index.php\/wp-json\/wp\/v2\/comments?post=79"}],"version-history":[{"count":7,"href":"https:\/\/chantalpayet.fr\/index.php\/wp-json\/wp\/v2\/pages\/79\/revisions"}],"predecessor-version":[{"id":467,"href":"https:\/\/chantalpayet.fr\/index.php\/wp-json\/wp\/v2\/pages\/79\/revisions\/467"}],"wp:attachment":[{"href":"https:\/\/chantalpayet.fr\/index.php\/wp-json\/wp\/v2\/media?parent=79"}],"curies":[{"name":"wp","href":"https:\/\/api.w.org\/{rel}","templated":true}]}}