{"id":92,"date":"2024-02-29T07:44:31","date_gmt":"2024-02-29T07:44:31","guid":{"rendered":"http:\/\/chantalpayet.fr\/?page_id=92"},"modified":"2025-10-11T09:07:23","modified_gmt":"2025-10-11T09:07:23","slug":"feuilles","status":"publish","type":"page","link":"https:\/\/chantalpayet.fr\/index.php\/feuilles\/","title":{"rendered":"Feuilles"},"content":{"rendered":"\n<p>Je pars d\u2019une forme identique, une coque plus au moins \u00e9vid\u00e9e sem\u00e9e de fleurs, d\u2019\u00e9toiles, de feuilles. Je pense aux chapiteaux des colonnes, aux d\u00e9cors des enluminures, \u00e0 des ornements baroques, \u00e0 des sensations de l\u00e9g\u00e8ret\u00e9 de mati\u00e8re dense. Au fil du temps, les feuilles \u00e9voluent r\u00e9pondant aux pr\u00e9occupations de mes recherches en cours.<\/p>\n\n\n\n<p>2024 &#8211; Galerie la Vitrine. &#8211; Marcigny &#8211; 71110<br>2025 &#8211; \u00ab\u00a0La remise\u00a0\u00bb &#8211; Ass. G. Dumont -Pollionnay 69290<\/p>\n\n\n\n<figure class=\"wp-block-gallery has-nested-images columns-2 wp-block-gallery-1 is-layout-flex wp-block-gallery-is-layout-flex\">\n<figure class=\"wp-block-image aligncenter size-full\"><img loading=\"lazy\" decoding=\"async\" width=\"600\" height=\"800\" data-id=\"263\" src=\"http:\/\/chantalpayet.fr\/wp-content\/uploads\/2024\/08\/feuillestexte.jpg\" alt=\"\" class=\"wp-image-263\" srcset=\"https:\/\/chantalpayet.fr\/wp-content\/uploads\/2024\/08\/feuillestexte.jpg 600w, https:\/\/chantalpayet.fr\/wp-content\/uploads\/2024\/08\/feuillestexte-225x300.jpg 225w\" sizes=\"auto, (max-width: 600px) 100vw, 600px\" \/><\/figure>\n\n\n\n<figure class=\"wp-block-image aligncenter size-large\"><img decoding=\"async\" data-id=\"437\" src=\"http:\/\/chantalpayet.fr\/wp-content\/uploads\/2025\/10\/feuilles-remise-1-753x1024.jpg\" alt=\"\" class=\"wp-image-437\"\/><\/figure>\n\n\n\n<figure class=\"wp-block-image aligncenter size-full\"><img loading=\"lazy\" decoding=\"async\" width=\"600\" height=\"824\" data-id=\"262\" src=\"http:\/\/chantalpayet.fr\/wp-content\/uploads\/2024\/08\/vitrine2-1.jpg\" alt=\"\" class=\"wp-image-262\" srcset=\"https:\/\/chantalpayet.fr\/wp-content\/uploads\/2024\/08\/vitrine2-1.jpg 600w, https:\/\/chantalpayet.fr\/wp-content\/uploads\/2024\/08\/vitrine2-1-218x300.jpg 218w\" sizes=\"auto, (max-width: 600px) 100vw, 600px\" \/><\/figure>\n\n\n\n<figure class=\"wp-block-image aligncenter size-large\"><img loading=\"lazy\" decoding=\"async\" width=\"725\" height=\"1024\" data-id=\"435\" src=\"http:\/\/chantalpayet.fr\/wp-content\/uploads\/2025\/10\/feuilles-groupe-scaled-e1760170720781-725x1024.jpeg\" alt=\"\" class=\"wp-image-435\" srcset=\"https:\/\/chantalpayet.fr\/wp-content\/uploads\/2025\/10\/feuilles-groupe-scaled-e1760170720781-725x1024.jpeg 725w, https:\/\/chantalpayet.fr\/wp-content\/uploads\/2025\/10\/feuilles-groupe-scaled-e1760170720781-213x300.jpeg 213w, https:\/\/chantalpayet.fr\/wp-content\/uploads\/2025\/10\/feuilles-groupe-scaled-e1760170720781-768x1084.jpeg 768w, https:\/\/chantalpayet.fr\/wp-content\/uploads\/2025\/10\/feuilles-groupe-scaled-e1760170720781-1088x1536.jpeg 1088w, https:\/\/chantalpayet.fr\/wp-content\/uploads\/2025\/10\/feuilles-groupe-scaled-e1760170720781-1451x2048.jpeg 1451w, https:\/\/chantalpayet.fr\/wp-content\/uploads\/2025\/10\/feuilles-groupe-scaled-e1760170720781.jpeg 1672w\" sizes=\"auto, (max-width: 725px) 100vw, 725px\" \/><\/figure>\n\n\n\n<figure class=\"wp-block-image size-large\"><img loading=\"lazy\" decoding=\"async\" width=\"768\" height=\"1024\" data-id=\"97\" src=\"http:\/\/chantalpayet.fr\/wp-content\/uploads\/2024\/02\/feuilles39-768x1024.jpg\" alt=\"\" class=\"wp-image-97\" srcset=\"https:\/\/chantalpayet.fr\/wp-content\/uploads\/2024\/02\/feuilles39-768x1024.jpg 768w, https:\/\/chantalpayet.fr\/wp-content\/uploads\/2024\/02\/feuilles39-225x300.jpg 225w, https:\/\/chantalpayet.fr\/wp-content\/uploads\/2024\/02\/feuilles39.jpg 800w\" sizes=\"auto, (max-width: 768px) 100vw, 768px\" \/><\/figure>\n\n\n\n<figure class=\"wp-block-image size-large\"><img loading=\"lazy\" decoding=\"async\" width=\"768\" height=\"1024\" data-id=\"95\" src=\"http:\/\/chantalpayet.fr\/wp-content\/uploads\/2024\/02\/feuilles41-768x1024.jpg\" alt=\"\" class=\"wp-image-95\" srcset=\"https:\/\/chantalpayet.fr\/wp-content\/uploads\/2024\/02\/feuilles41-768x1024.jpg 768w, https:\/\/chantalpayet.fr\/wp-content\/uploads\/2024\/02\/feuilles41-225x300.jpg 225w, https:\/\/chantalpayet.fr\/wp-content\/uploads\/2024\/02\/feuilles41.jpg 800w\" sizes=\"auto, (max-width: 768px) 100vw, 768px\" \/><\/figure>\n\n\n\n<figure class=\"wp-block-image size-large\"><img loading=\"lazy\" decoding=\"async\" width=\"768\" height=\"1024\" data-id=\"93\" src=\"http:\/\/chantalpayet.fr\/wp-content\/uploads\/2024\/02\/feuilles34-768x1024.jpg\" alt=\"\" class=\"wp-image-93\" srcset=\"https:\/\/chantalpayet.fr\/wp-content\/uploads\/2024\/02\/feuilles34-768x1024.jpg 768w, https:\/\/chantalpayet.fr\/wp-content\/uploads\/2024\/02\/feuilles34-225x300.jpg 225w, https:\/\/chantalpayet.fr\/wp-content\/uploads\/2024\/02\/feuilles34.jpg 800w\" sizes=\"auto, (max-width: 768px) 100vw, 768px\" \/><\/figure>\n\n\n\n<figure class=\"wp-block-image size-large\"><img loading=\"lazy\" decoding=\"async\" width=\"768\" height=\"1024\" data-id=\"98\" src=\"http:\/\/chantalpayet.fr\/wp-content\/uploads\/2024\/02\/feuilles32-768x1024.jpg\" alt=\"\" class=\"wp-image-98\" srcset=\"https:\/\/chantalpayet.fr\/wp-content\/uploads\/2024\/02\/feuilles32-768x1024.jpg 768w, https:\/\/chantalpayet.fr\/wp-content\/uploads\/2024\/02\/feuilles32-225x300.jpg 225w, https:\/\/chantalpayet.fr\/wp-content\/uploads\/2024\/02\/feuilles32.jpg 800w\" sizes=\"auto, (max-width: 768px) 100vw, 768px\" \/><\/figure>\n\n\n\n<figure class=\"wp-block-image size-large\"><img loading=\"lazy\" decoding=\"async\" width=\"768\" height=\"1024\" data-id=\"190\" src=\"http:\/\/chantalpayet.fr\/wp-content\/uploads\/2024\/02\/feuille33-768x1024.jpg\" alt=\"\" class=\"wp-image-190\"\/><\/figure>\n\n\n\n<figure class=\"wp-block-image size-large\"><img loading=\"lazy\" decoding=\"async\" width=\"800\" height=\"1018\" data-id=\"189\" src=\"http:\/\/chantalpayet.fr\/wp-content\/uploads\/2024\/02\/feuilles-32.jpg\" alt=\"\" class=\"wp-image-189\" srcset=\"https:\/\/chantalpayet.fr\/wp-content\/uploads\/2024\/02\/feuilles-32.jpg 800w, https:\/\/chantalpayet.fr\/wp-content\/uploads\/2024\/02\/feuilles-32-236x300.jpg 236w, https:\/\/chantalpayet.fr\/wp-content\/uploads\/2024\/02\/feuilles-32-768x977.jpg 768w\" sizes=\"auto, (max-width: 800px) 100vw, 800px\" \/><\/figure>\n\n\n\n<figure class=\"wp-block-image size-large\"><img loading=\"lazy\" decoding=\"async\" width=\"776\" height=\"1024\" data-id=\"191\" src=\"http:\/\/chantalpayet.fr\/wp-content\/uploads\/2024\/02\/feuilles-JP-776x1024.jpg\" alt=\"\" class=\"wp-image-191\" srcset=\"https:\/\/chantalpayet.fr\/wp-content\/uploads\/2024\/02\/feuilles-JP-776x1024.jpg 776w, https:\/\/chantalpayet.fr\/wp-content\/uploads\/2024\/02\/feuilles-JP-227x300.jpg 227w, https:\/\/chantalpayet.fr\/wp-content\/uploads\/2024\/02\/feuilles-JP-768x1013.jpg 768w, https:\/\/chantalpayet.fr\/wp-content\/uploads\/2024\/02\/feuilles-JP.jpg 800w\" sizes=\"auto, (max-width: 776px) 100vw, 776px\" \/><\/figure>\n\n\n\n<figure class=\"wp-block-image size-large\"><img loading=\"lazy\" decoding=\"async\" width=\"773\" height=\"1024\" data-id=\"193\" src=\"http:\/\/chantalpayet.fr\/wp-content\/uploads\/2024\/02\/feuillesLO-773x1024.jpg\" alt=\"\" class=\"wp-image-193\" srcset=\"https:\/\/chantalpayet.fr\/wp-content\/uploads\/2024\/02\/feuillesLO-773x1024.jpg 773w, https:\/\/chantalpayet.fr\/wp-content\/uploads\/2024\/02\/feuillesLO-226x300.jpg 226w, https:\/\/chantalpayet.fr\/wp-content\/uploads\/2024\/02\/feuillesLO-768x1018.jpg 768w, https:\/\/chantalpayet.fr\/wp-content\/uploads\/2024\/02\/feuillesLO.jpg 800w\" sizes=\"auto, (max-width: 773px) 100vw, 773px\" \/><\/figure>\n\n\n\n<figure class=\"wp-block-image size-large\"><img loading=\"lazy\" decoding=\"async\" width=\"768\" height=\"1024\" data-id=\"194\" src=\"http:\/\/chantalpayet.fr\/wp-content\/uploads\/2024\/02\/feuilles26-768x1024.jpg\" alt=\"\" class=\"wp-image-194\" srcset=\"https:\/\/chantalpayet.fr\/wp-content\/uploads\/2024\/02\/feuilles26-768x1024.jpg 768w, https:\/\/chantalpayet.fr\/wp-content\/uploads\/2024\/02\/feuilles26-225x300.jpg 225w, https:\/\/chantalpayet.fr\/wp-content\/uploads\/2024\/02\/feuilles26.jpg 800w\" sizes=\"auto, (max-width: 768px) 100vw, 768px\" \/><\/figure>\n\n\n\n<figure class=\"wp-block-image size-large\"><img loading=\"lazy\" decoding=\"async\" width=\"784\" height=\"1024\" data-id=\"196\" src=\"http:\/\/chantalpayet.fr\/wp-content\/uploads\/2024\/02\/feuilles45-784x1024.jpg\" alt=\"\" class=\"wp-image-196\" srcset=\"https:\/\/chantalpayet.fr\/wp-content\/uploads\/2024\/02\/feuilles45-784x1024.jpg 784w, https:\/\/chantalpayet.fr\/wp-content\/uploads\/2024\/02\/feuilles45-230x300.jpg 230w, https:\/\/chantalpayet.fr\/wp-content\/uploads\/2024\/02\/feuilles45-768x1003.jpg 768w, https:\/\/chantalpayet.fr\/wp-content\/uploads\/2024\/02\/feuilles45.jpg 800w\" sizes=\"auto, (max-width: 784px) 100vw, 784px\" \/><\/figure>\n\n\n\n<figure class=\"wp-block-image size-large\"><img loading=\"lazy\" decoding=\"async\" width=\"784\" height=\"1024\" data-id=\"195\" src=\"http:\/\/chantalpayet.fr\/wp-content\/uploads\/2024\/02\/feuilles46-784x1024.jpg\" alt=\"\" class=\"wp-image-195\" srcset=\"https:\/\/chantalpayet.fr\/wp-content\/uploads\/2024\/02\/feuilles46-784x1024.jpg 784w, https:\/\/chantalpayet.fr\/wp-content\/uploads\/2024\/02\/feuilles46-230x300.jpg 230w, https:\/\/chantalpayet.fr\/wp-content\/uploads\/2024\/02\/feuilles46-768x1003.jpg 768w, https:\/\/chantalpayet.fr\/wp-content\/uploads\/2024\/02\/feuilles46.jpg 800w\" sizes=\"auto, (max-width: 784px) 100vw, 784px\" \/><\/figure>\n\n\n\n<figure class=\"wp-block-image size-large\"><img loading=\"lazy\" decoding=\"async\" width=\"784\" height=\"1024\" data-id=\"197\" src=\"http:\/\/chantalpayet.fr\/wp-content\/uploads\/2024\/02\/feuilles47-784x1024.jpg\" alt=\"\" class=\"wp-image-197\" srcset=\"https:\/\/chantalpayet.fr\/wp-content\/uploads\/2024\/02\/feuilles47-784x1024.jpg 784w, https:\/\/chantalpayet.fr\/wp-content\/uploads\/2024\/02\/feuilles47-230x300.jpg 230w, https:\/\/chantalpayet.fr\/wp-content\/uploads\/2024\/02\/feuilles47-768x1003.jpg 768w, https:\/\/chantalpayet.fr\/wp-content\/uploads\/2024\/02\/feuilles47.jpg 800w\" sizes=\"auto, (max-width: 784px) 100vw, 784px\" \/><\/figure>\n\n\n\n<figure class=\"wp-block-image size-large\"><img loading=\"lazy\" decoding=\"async\" width=\"776\" height=\"1024\" data-id=\"453\" src=\"http:\/\/chantalpayet.fr\/wp-content\/uploads\/2025\/10\/feuilles67-copie-e1760172809300-776x1024.jpg\" alt=\"\" class=\"wp-image-453\" srcset=\"https:\/\/chantalpayet.fr\/wp-content\/uploads\/2025\/10\/feuilles67-copie-e1760172809300-776x1024.jpg 776w, https:\/\/chantalpayet.fr\/wp-content\/uploads\/2025\/10\/feuilles67-copie-e1760172809300-227x300.jpg 227w, https:\/\/chantalpayet.fr\/wp-content\/uploads\/2025\/10\/feuilles67-copie-e1760172809300-768x1013.jpg 768w, https:\/\/chantalpayet.fr\/wp-content\/uploads\/2025\/10\/feuilles67-copie-e1760172809300-1164x1536.jpg 1164w, https:\/\/chantalpayet.fr\/wp-content\/uploads\/2025\/10\/feuilles67-copie-e1760172809300-1552x2048.jpg 1552w, https:\/\/chantalpayet.fr\/wp-content\/uploads\/2025\/10\/feuilles67-copie-e1760172809300.jpg 1646w\" sizes=\"auto, (max-width: 776px) 100vw, 776px\" \/><\/figure>\n\n\n\n<figure class=\"wp-block-image size-large\"><img loading=\"lazy\" decoding=\"async\" width=\"768\" height=\"1024\" data-id=\"454\" src=\"https:\/\/chantalpayet.fr\/wp-content\/uploads\/2025\/10\/feuilles37.-copie-768x1024.jpg\" alt=\"\" class=\"wp-image-454\" srcset=\"https:\/\/chantalpayet.fr\/wp-content\/uploads\/2025\/10\/feuilles37.-copie-768x1024.jpg 768w, https:\/\/chantalpayet.fr\/wp-content\/uploads\/2025\/10\/feuilles37.-copie-225x300.jpg 225w, https:\/\/chantalpayet.fr\/wp-content\/uploads\/2025\/10\/feuilles37.-copie.jpg 800w\" sizes=\"auto, (max-width: 768px) 100vw, 768px\" \/><\/figure>\n<\/figure>\n","protected":false},"excerpt":{"rendered":"<p>Je pars d\u2019une forme identique, une coque plus au moins \u00e9vid\u00e9e sem\u00e9e de fleurs, d\u2019\u00e9toiles, de feuilles. Je pense aux chapiteaux des colonnes, aux d\u00e9cors des enluminures, \u00e0 des ornements baroques, \u00e0 des sensations de l\u00e9g\u00e8ret\u00e9 de mati\u00e8re dense. Au fil du temps, les feuilles \u00e9voluent r\u00e9pondant aux pr\u00e9occupations de mes recherches en cours. 2024 [&hellip;]<\/p>\n","protected":false},"author":1,"featured_media":0,"parent":0,"menu_order":0,"comment_status":"closed","ping_status":"closed","template":"","meta":{"footnotes":""},"class_list":["post-92","page","type-page","status-publish","hentry"],"_links":{"self":[{"href":"https:\/\/chantalpayet.fr\/index.php\/wp-json\/wp\/v2\/pages\/92","targetHints":{"allow":["GET"]}}],"collection":[{"href":"https:\/\/chantalpayet.fr\/index.php\/wp-json\/wp\/v2\/pages"}],"about":[{"href":"https:\/\/chantalpayet.fr\/index.php\/wp-json\/wp\/v2\/types\/page"}],"author":[{"embeddable":true,"href":"https:\/\/chantalpayet.fr\/index.php\/wp-json\/wp\/v2\/users\/1"}],"replies":[{"embeddable":true,"href":"https:\/\/chantalpayet.fr\/index.php\/wp-json\/wp\/v2\/comments?post=92"}],"version-history":[{"count":11,"href":"https:\/\/chantalpayet.fr\/index.php\/wp-json\/wp\/v2\/pages\/92\/revisions"}],"predecessor-version":[{"id":461,"href":"https:\/\/chantalpayet.fr\/index.php\/wp-json\/wp\/v2\/pages\/92\/revisions\/461"}],"wp:attachment":[{"href":"https:\/\/chantalpayet.fr\/index.php\/wp-json\/wp\/v2\/media?parent=92"}],"curies":[{"name":"wp","href":"https:\/\/api.w.org\/{rel}","templated":true}]}}